{"id":988,"date":"2019-02-14T20:33:33","date_gmt":"2019-02-14T20:33:33","guid":{"rendered":"https:\/\/domsafety.com\/contractors\/?page_id=988"},"modified":"2021-04-23T18:23:11","modified_gmt":"2021-04-23T18:23:11","slug":"worker-beware-in-english-and-spanish","status":"publish","type":"page","link":"https:\/\/domsafety.com\/contractors\/worker-beware-in-english-and-spanish\/","title":{"rendered":"Worker Beware in English and Spanish"},"content":{"rendered":"<p><div class=\"fusion-fullwidth fullwidth-box fusion-builder-row-1 nonhundred-percent-fullwidth non-hundred-percent-height-scrolling\" style=\"--awb-border-radius-top-left:0px;--awb-border-radius-top-right:0px;--awb-border-radius-bottom-right:0px;--awb-border-radius-bottom-left:0px;--awb-margin-bottom:0px;--awb-flex-wrap:wrap;\" ><div class=\"fusion-builder-row fusion-row\"><div class=\"fusion-layout-column fusion_builder_column fusion-builder-column-0 fusion_builder_column_1_1 1_1 fusion-one-full fusion-column-first fusion-column-last\" style=\"--awb-bg-size:cover;--awb-margin-bottom:0px;\"><div class=\"fusion-column-wrapper fusion-flex-column-wrapper-legacy\"><div class=\"fusion-clearfix\"><\/div><\/div><\/div><div class=\"fusion-layout-column fusion_builder_column fusion-builder-column-1 fusion_builder_column_1_2 1_2 fusion-one-half fusion-column-first\" style=\"--awb-bg-size:cover;--awb-margin-top:0px;width:50%;width:calc(50% - ( ( 4% ) * 0.5 ) );margin-right: 4%;\"><div class=\"fusion-column-wrapper fusion-flex-column-wrapper-legacy\"><div class=\"fusion-text fusion-text-1\"><h1><em>Worker Beware<\/em> electric and natural gas videos<\/h1>\n<p class=\"p1\">Learn how to stay safe around natural gas lines and overhead and underground electric lines. Real workers and accident survivors teach how to avoid devastating accidents, damages and liability.<\/p>\n<ul>\n<li class=\"p1\">Electric &amp; Natural Gas Safety Basics<\/li>\n<li class=\"p1\">Digging &amp; Excavating<\/li>\n<li class=\"p1\">Ladders &amp; Long Tools<\/li>\n<li class=\"p1\">Cranes &amp; Heavy Equipment<\/li>\n<\/ul>\n<\/div><div class=\"fusion-clearfix\"><\/div><\/div><\/div><div class=\"fusion-layout-column fusion_builder_column fusion-builder-column-2 fusion_builder_column_1_2 1_2 fusion-one-half fusion-column-last\" style=\"--awb-bg-size:cover;--awb-margin-top:0px;width:50%;width:calc(50% - ( ( 4% ) * 0.5 ) );\"><div class=\"fusion-column-wrapper fusion-flex-column-wrapper-legacy\"><div class=\"fusion-text fusion-text-2\"><h1><em>Trabajador este alerta<\/em> videos de electricidad y gas natural<\/h1>\n<p class=\"p1\">Aprenda a trabajar sin riesgos cerca de tuber\u00edas de gas natural y de l\u00edneas el\u00e9ctricas a\u00e9reas y subterr\u00e1neas. Un grupo de trabajadores reales y sobrevivientes de accidentes le ense\u00f1ar\u00e1n qu\u00e9 hacer para evitar accidentes devastadores, da\u00f1os y responsabilidad civil.<\/p>\n<ul>\n<li>Seguridad b\u00e1sica al trabajar con electricidad y gas<\/li>\n<li>Perforaciones y excavaciones<\/li>\n<li>Escaleras y herramientas de extensi\u00f3n<\/li>\n<li>Gr\u00faas y equipo pesado<\/li>\n<\/ul>\n<\/div><div class=\"fusion-clearfix\"><\/div><\/div><\/div><\/div><\/div><div class=\"fusion-fullwidth fullwidth-box fusion-builder-row-2 nonhundred-percent-fullwidth non-hundred-percent-height-scrolling\" style=\"--awb-border-radius-top-left:0px;--awb-border-radius-top-right:0px;--awb-border-radius-bottom-right:0px;--awb-border-radius-bottom-left:0px;--awb-margin-top:30px;--awb-flex-wrap:wrap;\" ><div class=\"fusion-builder-row fusion-row\"><div class=\"fusion-layout-column fusion_builder_column fusion-builder-column-3 fusion_builder_column_1_1 1_1 fusion-one-full fusion-column-first fusion-column-last\" style=\"--awb-bg-size:cover;\"><div class=\"fusion-column-wrapper fusion-flex-column-wrapper-legacy\"><div class=\"fusion-tabs fusion-tabs-1 classic nav-is-justified horizontal-tabs icon-position-left mobile-mode-accordion\" style=\"--awb-title-border-radius-top-left:0px;--awb-title-border-radius-top-right:0px;--awb-title-border-radius-bottom-right:0px;--awb-title-border-radius-bottom-left:0px;--awb-inactive-color:#f0f0f0;--awb-background-color:#ffffff;--awb-border-color:#00148c;--awb-active-border-color:#0072ce;\"><div class=\"nav\"><ul class=\"nav-tabs nav-justified\" role=\"tablist\"><li class=\"active\" role=\"presentation\"><a class=\"tab-link\" data-toggle=\"tab\" role=\"tab\" aria-controls=\"tab-6dde9431492b15856e2\" aria-selected=\"true\" id=\"fusion-tab-workerbeware\" href=\"#tab-6dde9431492b15856e2\"><h4 class=\"fusion-tab-heading\"><i class=\"fontawesome-icon fa fa-play\" aria-hidden=\"true\" style=\"font-size:13px;\"><\/i>Worker Beware<\/h4><\/a><\/li><li role=\"presentation\"><a class=\"tab-link\" data-toggle=\"tab\" role=\"tab\" aria-controls=\"tab-4a27c1b4b7dba62bbe5\" aria-selected=\"false\" tabindex=\"-1\" id=\"fusion-tab-trabajadorest\u00e9alerta\" href=\"#tab-4a27c1b4b7dba62bbe5\"><h4 class=\"fusion-tab-heading\"><i class=\"fontawesome-icon fa fa-play\" aria-hidden=\"true\" style=\"font-size:13px;\"><\/i>Trabajador est\u00e9 alerta<\/h4><\/a><\/li><\/ul><\/div><div class=\"tab-content\"><div class=\"nav fusion-mobile-tab-nav\"><ul class=\"nav-tabs nav-justified\" role=\"tablist\"><li class=\"active\" role=\"presentation\"><a class=\"tab-link\" data-toggle=\"tab\" role=\"tab\" aria-controls=\"tab-6dde9431492b15856e2\" aria-selected=\"true\" id=\"mobile-fusion-tab-workerbeware\" href=\"#tab-6dde9431492b15856e2\"><h4 class=\"fusion-tab-heading\"><i class=\"fontawesome-icon fa fa-play\" aria-hidden=\"true\" style=\"font-size:13px;\"><\/i>Worker Beware<\/h4><\/a><\/li><\/ul><\/div><div class=\"tab-pane fade fusion-clearfix in active\" role=\"tabpanel\" tabindex=\"0\" aria-labelledby=\"fusion-tab-workerbeware\" id=\"tab-6dde9431492b15856e2\">\n<div style=\"padding: 61.86% 0 0 0; position: relative;\"><iframe style=\"position: absolute; top: 0; left: 0; width: 100%; height: 100%;\" src=\"https:\/\/vimeo.com\/showcase\/8275124\/embed\" frameborder=\"0\" allowfullscreen=\"allowfullscreen\"><\/iframe><\/div>\n<\/div><div class=\"nav fusion-mobile-tab-nav\"><ul class=\"nav-tabs nav-justified\" role=\"tablist\"><li role=\"presentation\"><a class=\"tab-link\" data-toggle=\"tab\" role=\"tab\" aria-controls=\"tab-4a27c1b4b7dba62bbe5\" aria-selected=\"false\" tabindex=\"-1\" id=\"mobile-fusion-tab-trabajadorest\u00e9alerta\" href=\"#tab-4a27c1b4b7dba62bbe5\"><h4 class=\"fusion-tab-heading\"><i class=\"fontawesome-icon fa fa-play\" aria-hidden=\"true\" style=\"font-size:13px;\"><\/i>Trabajador est\u00e9 alerta<\/h4><\/a><\/li><\/ul><\/div><div class=\"tab-pane fade fusion-clearfix\" role=\"tabpanel\" tabindex=\"0\" aria-labelledby=\"fusion-tab-trabajadorest\u00e9alerta\" id=\"tab-4a27c1b4b7dba62bbe5\">\n<div style=\"padding: 61.86% 0 0 0; position: relative;\"><iframe style=\"position: absolute; top: 0; left: 0; width: 100%; height: 100%;\" src=\"https:\/\/vimeo.com\/showcase\/8275128\/embed\" frameborder=\"0\" allowfullscreen=\"allowfullscreen\"><\/iframe><\/div>\n<\/div><\/div><\/div><div class=\"fusion-clearfix\"><\/div><\/div><\/div><\/div><\/div><\/p>\n","protected":false},"excerpt":{"rendered":"","protected":false},"author":3,"featured_media":0,"parent":0,"menu_order":0,"comment_status":"closed","ping_status":"closed","template":"","meta":{"footnotes":""},"class_list":["post-988","page","type-page","status-publish","hentry"],"jetpack_sharing_enabled":true,"_links":{"self":[{"href":"https:\/\/domsafety.com\/contractors\/wp-json\/wp\/v2\/pages\/988","targetHints":{"allow":["GET"]}}],"collection":[{"href":"https:\/\/domsafety.com\/contractors\/wp-json\/wp\/v2\/pages"}],"about":[{"href":"https:\/\/domsafety.com\/contractors\/wp-json\/wp\/v2\/types\/page"}],"author":[{"embeddable":true,"href":"https:\/\/domsafety.com\/contractors\/wp-json\/wp\/v2\/users\/3"}],"replies":[{"embeddable":true,"href":"https:\/\/domsafety.com\/contractors\/wp-json\/wp\/v2\/comments?post=988"}],"version-history":[{"count":54,"href":"https:\/\/domsafety.com\/contractors\/wp-json\/wp\/v2\/pages\/988\/revisions"}],"predecessor-version":[{"id":3537,"href":"https:\/\/domsafety.com\/contractors\/wp-json\/wp\/v2\/pages\/988\/revisions\/3537"}],"wp:attachment":[{"href":"https:\/\/domsafety.com\/contractors\/wp-json\/wp\/v2\/media?parent=988"}],"curies":[{"name":"wp","href":"https:\/\/api.w.org\/{rel}","templated":true}]}}