{"id":2,"date":"2018-04-27T18:29:52","date_gmt":"2018-04-27T18:29:52","guid":{"rendered":"https:\/\/domsafety.com\/contractors\/?page_id=2"},"modified":"2024-04-26T13:54:07","modified_gmt":"2024-04-26T13:54:07","slug":"sample-page","status":"publish","type":"page","link":"https:\/\/domsafety.com\/contractors\/","title":{"rendered":"Homepage"},"content":{"rendered":"<p><div class=\"fusion-fullwidth fullwidth-box fusion-builder-row-1 fusion-flex-container has-pattern-background has-mask-background nonhundred-percent-fullwidth non-hundred-percent-height-scrolling\" style=\"--awb-border-radius-top-left:0px;--awb-border-radius-top-right:0px;--awb-border-radius-bottom-right:0px;--awb-border-radius-bottom-left:0px;--awb-margin-top:20px;--awb-flex-wrap:wrap;\" ><div class=\"fusion-builder-row fusion-row fusion-flex-align-items-stretch fusion-flex-justify-content-center fusion-flex-content-wrap\" style=\"max-width:1144px;margin-left: calc(-4% \/ 2 );margin-right: calc(-4% \/ 2 );\"><div class=\"fusion-layout-column fusion_builder_column fusion-builder-column-0 fusion_builder_column_1_2 1_2 fusion-flex-column\" style=\"--awb-bg-size:cover;--awb-width-large:50%;--awb-spacing-right-large:30px;--awb-margin-bottom-large:60px;--awb-spacing-left-large:3.84%;--awb-width-medium:100%;--awb-spacing-right-medium:1.92%;--awb-spacing-left-medium:1.92%;--awb-width-small:100%;--awb-spacing-right-small:1.92%;--awb-spacing-left-small:1.92%;\"><div class=\"fusion-column-wrapper fusion-flex-justify-content-flex-start fusion-content-layout-column\"><div class=\"fusion-image-element \" style=\"text-align:right;--awb-caption-title-font-family:var(--h2_typography-font-family);--awb-caption-title-font-weight:var(--h2_typography-font-weight);--awb-caption-title-font-style:var(--h2_typography-font-style);--awb-caption-title-size:var(--h2_typography-font-size);--awb-caption-title-transform:var(--h2_typography-text-transform);--awb-caption-title-line-height:var(--h2_typography-line-height);--awb-caption-title-letter-spacing:var(--h2_typography-letter-spacing);\"><span class=\" fusion-imageframe imageframe-none imageframe-1 hover-type-none\"><a class=\"fusion-no-lightbox\" href=\"https:\/\/domsafety.com\/contractors\/dig-safely-electricity-natural-gas\/\" target=\"_self\" aria-label=\"WB dig safely\"><img decoding=\"async\" width=\"600\" height=\"393\" alt=\"WB dig safely\" src=\"https:\/\/domsafety.com\/contractors\/wp-content\/uploads\/2021\/03\/WB_dig_safely2_1clmn_module_680x393.jpg\" class=\"img-responsive wp-image-3473\" srcset=\"https:\/\/domsafety.com\/contractors\/wp-content\/uploads\/2021\/03\/WB_dig_safely2_1clmn_module_680x393-200x131.jpg 200w, https:\/\/domsafety.com\/contractors\/wp-content\/uploads\/2021\/03\/WB_dig_safely2_1clmn_module_680x393-400x262.jpg 400w, https:\/\/domsafety.com\/contractors\/wp-content\/uploads\/2021\/03\/WB_dig_safely2_1clmn_module_680x393.jpg 600w\" sizes=\"(max-width: 1024px) 100vw, (max-width: 640px) 100vw, 600px\" \/><\/a><\/span><\/div><\/div><\/div><div class=\"fusion-layout-column fusion_builder_column fusion-builder-column-1 fusion_builder_column_1_2 1_2 fusion-flex-column\" style=\"--awb-bg-size:cover;--awb-width-large:50%;--awb-spacing-right-large:3.84%;--awb-margin-bottom-large:60px;--awb-spacing-left-large:30px;--awb-width-medium:100%;--awb-spacing-right-medium:1.92%;--awb-spacing-left-medium:1.92%;--awb-width-small:100%;--awb-spacing-right-small:1.92%;--awb-spacing-left-small:1.92%;\"><div class=\"fusion-column-wrapper fusion-flex-justify-content-flex-start fusion-content-layout-column\"><div class=\"fusion-image-element \" style=\"text-align:left;--awb-caption-title-font-family:var(--h2_typography-font-family);--awb-caption-title-font-weight:var(--h2_typography-font-weight);--awb-caption-title-font-style:var(--h2_typography-font-style);--awb-caption-title-size:var(--h2_typography-font-size);--awb-caption-title-transform:var(--h2_typography-text-transform);--awb-caption-title-line-height:var(--h2_typography-line-height);--awb-caption-title-letter-spacing:var(--h2_typography-letter-spacing);\"><span class=\" fusion-imageframe imageframe-none imageframe-2 hover-type-none\"><a class=\"fusion-no-lightbox\" href=\"https:\/\/domsafety.com\/contractors\/look-up-and-live\/\" target=\"_self\" aria-label=\"WB look up and live\"><img decoding=\"async\" width=\"600\" height=\"393\" alt=\"WB look up and live\" src=\"https:\/\/domsafety.com\/contractors\/wp-content\/uploads\/2021\/03\/WB_look_up_and_live2_1clmn_module_680x393.jpg\" class=\"img-responsive wp-image-3476\" srcset=\"https:\/\/domsafety.com\/contractors\/wp-content\/uploads\/2021\/03\/WB_look_up_and_live2_1clmn_module_680x393-200x131.jpg 200w, https:\/\/domsafety.com\/contractors\/wp-content\/uploads\/2021\/03\/WB_look_up_and_live2_1clmn_module_680x393-400x262.jpg 400w, https:\/\/domsafety.com\/contractors\/wp-content\/uploads\/2021\/03\/WB_look_up_and_live2_1clmn_module_680x393.jpg 600w\" sizes=\"(max-width: 1024px) 100vw, (max-width: 640px) 100vw, 600px\" \/><\/a><\/span><\/div><\/div><\/div><div class=\"fusion-layout-column fusion_builder_column fusion-builder-column-2 fusion_builder_column_1_2 1_2 fusion-flex-column\" style=\"--awb-bg-size:cover;--awb-width-large:50%;--awb-spacing-right-large:30px;--awb-margin-bottom-large:40px;--awb-spacing-left-large:3.84%;--awb-width-medium:100%;--awb-spacing-right-medium:1.92%;--awb-spacing-left-medium:1.92%;--awb-width-small:100%;--awb-spacing-right-small:1.92%;--awb-spacing-left-small:1.92%;\"><div class=\"fusion-column-wrapper fusion-flex-justify-content-flex-start fusion-content-layout-column\"><div class=\"fusion-image-element \" style=\"text-align:right;--awb-caption-title-font-family:var(--h2_typography-font-family);--awb-caption-title-font-weight:var(--h2_typography-font-weight);--awb-caption-title-font-style:var(--h2_typography-font-style);--awb-caption-title-size:var(--h2_typography-font-size);--awb-caption-title-transform:var(--h2_typography-text-transform);--awb-caption-title-line-height:var(--h2_typography-line-height);--awb-caption-title-letter-spacing:var(--h2_typography-letter-spacing);\"><span class=\" fusion-imageframe imageframe-none imageframe-3 hover-type-none\"><a class=\"fusion-no-lightbox\" href=\"https:\/\/domsafety.com\/contractors\/69171-electricity-natural-gas-safety-case-studies\/\" target=\"_self\" aria-label=\"WB case studies 1clmn module 680&#215;393 v1\"><img decoding=\"async\" width=\"600\" height=\"393\" alt=\"WB case studies 1clmn module 680x393 v1\" src=\"https:\/\/domsafety.com\/contractors\/wp-content\/uploads\/2020\/03\/WB_case_studies_1clmn_module_680x393_v1.png\" class=\"img-responsive wp-image-2590\" srcset=\"https:\/\/domsafety.com\/contractors\/wp-content\/uploads\/2020\/03\/WB_case_studies_1clmn_module_680x393_v1-200x131.png 200w, https:\/\/domsafety.com\/contractors\/wp-content\/uploads\/2020\/03\/WB_case_studies_1clmn_module_680x393_v1-400x262.png 400w, https:\/\/domsafety.com\/contractors\/wp-content\/uploads\/2020\/03\/WB_case_studies_1clmn_module_680x393_v1.png 600w\" sizes=\"(max-width: 1024px) 100vw, (max-width: 640px) 100vw, 600px\" \/><\/a><\/span><\/div><\/div><\/div><div class=\"fusion-layout-column fusion_builder_column fusion-builder-column-3 fusion_builder_column_1_2 1_2 fusion-flex-column\" style=\"--awb-padding-bottom:60px;--awb-bg-size:cover;--awb-width-large:50%;--awb-spacing-right-large:3.84%;--awb-spacing-left-large:30px;--awb-width-medium:100%;--awb-spacing-right-medium:1.92%;--awb-spacing-left-medium:1.92%;--awb-width-small:100%;--awb-spacing-right-small:1.92%;--awb-spacing-left-small:1.92%;\"><div class=\"fusion-column-wrapper fusion-flex-justify-content-flex-start fusion-content-layout-column\"><div class=\"fusion-image-element \" style=\"text-align:left;--awb-caption-title-font-family:var(--h2_typography-font-family);--awb-caption-title-font-weight:var(--h2_typography-font-weight);--awb-caption-title-font-style:var(--h2_typography-font-style);--awb-caption-title-size:var(--h2_typography-font-size);--awb-caption-title-transform:var(--h2_typography-text-transform);--awb-caption-title-line-height:var(--h2_typography-line-height);--awb-caption-title-letter-spacing:var(--h2_typography-letter-spacing);\"><span class=\" fusion-imageframe imageframe-none imageframe-4 hover-type-none\"><a class=\"fusion-no-lightbox\" href=\"https:\/\/domsafety.com\/contractors\/training-quiz-electricity-natural-gas\/\" target=\"_self\" aria-label=\"WB training quiz worker 1clmn module 680&#215;393\"><img decoding=\"async\" width=\"600\" height=\"393\" alt=\"WB training quiz worker 1clmn module 680x393\" src=\"https:\/\/domsafety.com\/contractors\/wp-content\/uploads\/2022\/07\/WB_training_quiz_worker_1clmn_module_680x393.png\" class=\"img-responsive wp-image-3791\" srcset=\"https:\/\/domsafety.com\/contractors\/wp-content\/uploads\/2022\/07\/WB_training_quiz_worker_1clmn_module_680x393-200x131.png 200w, https:\/\/domsafety.com\/contractors\/wp-content\/uploads\/2022\/07\/WB_training_quiz_worker_1clmn_module_680x393-400x262.png 400w, https:\/\/domsafety.com\/contractors\/wp-content\/uploads\/2022\/07\/WB_training_quiz_worker_1clmn_module_680x393.png 600w\" sizes=\"(max-width: 1024px) 100vw, (max-width: 640px) 100vw, 600px\" \/><\/a><\/span><\/div><\/div><\/div><\/div><\/div><div class=\"fusion-fullwidth fullwidth-box fusion-builder-row-2 fusion-flex-container has-pattern-background has-mask-background nonhundred-percent-fullwidth non-hundred-percent-height-scrolling\" style=\"--awb-border-radius-top-left:0px;--awb-border-radius-top-right:0px;--awb-border-radius-bottom-right:0px;--awb-border-radius-bottom-left:0px;--awb-padding-top:30px;--awb-padding-right:0px;--awb-padding-bottom:30px;--awb-padding-left:0px;--awb-margin-top:30px;--awb-margin-bottom:0px;--awb-background-color:rgba(162,170,173,0.25);--awb-flex-wrap:wrap;\" ><div class=\"fusion-builder-row fusion-row fusion-flex-align-items-stretch fusion-flex-justify-content-center fusion-flex-content-wrap\" style=\"max-width:1144px;margin-left: calc(-4% \/ 2 );margin-right: calc(-4% \/ 2 );\"><div class=\"fusion-layout-column fusion_builder_column fusion-builder-column-4 fusion_builder_column_1_3 1_3 fusion-flex-column\" style=\"--awb-padding-top:20px;--awb-padding-bottom:30px;--awb-bg-color:#ffffff;--awb-bg-color-hover:#ffffff;--awb-bg-size:cover;--awb-width-large:33.333333333333%;--awb-spacing-right-large:5.76%;--awb-spacing-left-large:5.76%;--awb-width-medium:100%;--awb-spacing-right-medium:1.92%;--awb-spacing-left-medium:1.92%;--awb-width-small:100%;--awb-spacing-right-small:1.92%;--awb-spacing-left-small:1.92%;\"><div class=\"fusion-column-wrapper fusion-flex-justify-content-flex-start fusion-content-layout-column\"><div class=\"fusion-image-element \" style=\"text-align:center;--awb-liftup-border-radius:0px;--awb-caption-title-font-family:var(--h2_typography-font-family);--awb-caption-title-font-weight:var(--h2_typography-font-weight);--awb-caption-title-font-style:var(--h2_typography-font-style);--awb-caption-title-size:var(--h2_typography-font-size);--awb-caption-title-transform:var(--h2_typography-text-transform);--awb-caption-title-line-height:var(--h2_typography-line-height);--awb-caption-title-letter-spacing:var(--h2_typography-letter-spacing);\"><div class=\"awb-image-frame awb-image-frame-5 imageframe-liftup\"><span class=\" fusion-imageframe imageframe-none imageframe-5\"><a class=\"fusion-no-lightbox\" href=\"https:\/\/domsafety.com\/contractors\/worker-beware-in-english-and-spanish\/\" target=\"_self\" aria-label=\"wb video en\"><img decoding=\"async\" width=\"243\" height=\"174\" alt=\"wb video en\" src=\"https:\/\/domsafety.com\/contractors\/wp-content\/uploads\/2019\/06\/wb_video_en.png\" class=\"img-responsive wp-image-1784\" srcset=\"https:\/\/domsafety.com\/contractors\/wp-content\/uploads\/2019\/06\/wb_video_en-200x143.png 200w, https:\/\/domsafety.com\/contractors\/wp-content\/uploads\/2019\/06\/wb_video_en.png 243w\" sizes=\"(max-width: 1024px) 100vw, (max-width: 640px) 100vw, 243px\" \/><\/a><\/span><\/div><\/div><div class=\"fusion-text fusion-text-1\"><div style=\"padding: 10px;\">\n<h1 style=\"text-align: center; font-size: 22px;\"><a href=\"https:\/\/domsafety.com\/contractors\/worker-beware-in-english-and-spanish\/\">Worker Beware<\/a><\/h1>\n<p style=\"text-align: center; line-height: 1.5;\">Learn how to stay safe around natural gas lines, overhead and underground electric lines. Real workers and accident survivors teach how to avoid devastating accidents, damages and liability.<\/p>\n<ul>\n<li>Electrical &amp; Natural Gas<br \/>\nSafety Basics<\/li>\n<li>Digging &amp; Excavating<\/li>\n<li>Ladders &amp; Long Tools<\/li>\n<li>Cranes &amp; Heavy Equipment<\/li>\n<\/ul>\n<\/div>\n<\/div><div style=\"text-align:center;\"><a class=\"fusion-button button-flat button-large button-default fusion-button-default button-1 fusion-button-span-no fusion-button-default-type\" target=\"_self\" href=\"https:\/\/domsafety.com\/contractors\/worker-beware-in-english-and-spanish\/\"><span class=\"fusion-button-text awb-button__text awb-button__text--default\">Watch videos<\/span><i class=\" fa fa-play awb-button__icon awb-button__icon--default button-icon-right\" aria-hidden=\"true\"><\/i><\/a><\/div><\/div><\/div><div class=\"fusion-layout-column fusion_builder_column fusion-builder-column-5 fusion_builder_column_1_3 1_3 fusion-flex-column\" style=\"--awb-padding-top:20px;--awb-padding-right:10px;--awb-padding-bottom:30px;--awb-padding-left:10px;--awb-bg-color:#ffffff;--awb-bg-color-hover:#ffffff;--awb-bg-size:cover;--awb-border-color:#62878e;--awb-border-top:0;--awb-border-right:0;--awb-border-bottom:0;--awb-border-left:0;--awb-border-style:solid;--awb-width-large:33.333333333333%;--awb-spacing-right-large:5.76%;--awb-spacing-left-large:5.76%;--awb-width-medium:100%;--awb-spacing-right-medium:1.92%;--awb-spacing-left-medium:1.92%;--awb-width-small:100%;--awb-spacing-right-small:1.92%;--awb-spacing-left-small:1.92%;\"><div class=\"fusion-column-wrapper fusion-flex-justify-content-center fusion-content-layout-column\"><div class=\"fusion-image-element \" style=\"text-align:center;--awb-liftup-border-radius:0px;--awb-caption-title-font-family:var(--h2_typography-font-family);--awb-caption-title-font-weight:var(--h2_typography-font-weight);--awb-caption-title-font-style:var(--h2_typography-font-style);--awb-caption-title-size:var(--h2_typography-font-size);--awb-caption-title-transform:var(--h2_typography-text-transform);--awb-caption-title-line-height:var(--h2_typography-line-height);--awb-caption-title-letter-spacing:var(--h2_typography-letter-spacing);\"><div class=\"awb-image-frame awb-image-frame-6 imageframe-liftup\"><span class=\" fusion-imageframe imageframe-none imageframe-6\"><a class=\"fusion-no-lightbox\" href=\"https:\/\/domsafety.com\/contractors\/worker-beware-in-english-and-spanish\/\" target=\"_self\" aria-label=\"wb video sp 1\"><img decoding=\"async\" width=\"243\" height=\"174\" alt=\"wb video sp 1\" src=\"https:\/\/domsafety.com\/contractors\/wp-content\/uploads\/2019\/06\/wb_video_sp-1.png\" class=\"img-responsive wp-image-1826\" srcset=\"https:\/\/domsafety.com\/contractors\/wp-content\/uploads\/2019\/06\/wb_video_sp-1-200x143.png 200w, https:\/\/domsafety.com\/contractors\/wp-content\/uploads\/2019\/06\/wb_video_sp-1.png 243w\" sizes=\"(max-width: 1024px) 100vw, (max-width: 640px) 100vw, 243px\" \/><\/a><\/span><\/div><\/div><div class=\"fusion-text fusion-text-2\"><div style=\"padding: 10px;\">\n<h1 style=\"text-align: center; font-size: 22px;\"><a href=\"https:\/\/domsafety.com\/contractors\/worker-beware-in-english-and-spanish\/\"><span style=\"white-space: nowrap;\">Trabajador est\u00e9 alerta<\/span><\/a><\/h1>\n<p style=\"text-align: center; line-height: 1.5;\">Aprenda a trabajar sin riesgos cerca de tuber\u00edas de gas natural y de l\u00edneas el\u00e9ctricas a\u00e9reas y subterr\u00e1neas. Un grupo de trabajadores reales y sobrevivientes de accidentes le ense\u00f1ar\u00e1n qu\u00e9 hacer para evitar accidentes devastadores, da\u00f1os y responsabilidad civil.<\/p>\n<ul>\n<li>Seguridad b\u00e1sica al trabajar con electricidad y gas<\/li>\n<li>Perforacion y excavation<\/li>\n<li>Escaleras y herramientas de extension<\/li>\n<li>Gruas y equipo pesado<\/li>\n<\/ul>\n<\/div>\n<\/div><div style=\"text-align:center;\"><a class=\"fusion-button button-flat button-large button-default fusion-button-default button-2 fusion-button-span-no fusion-button-default-type\" target=\"_self\" href=\"https:\/\/domsafety.com\/contractors\/worker-beware-in-english-and-spanish\/\"><span class=\"fusion-button-text awb-button__text awb-button__text--default\">Ver videos<\/span><i class=\" fa fa-play awb-button__icon awb-button__icon--default button-icon-right\" aria-hidden=\"true\"><\/i><\/a><\/div><\/div><\/div><\/div><\/div><div class=\"fusion-fullwidth fullwidth-box fusion-builder-row-3 nonhundred-percent-fullwidth non-hundred-percent-height-scrolling\" style=\"--awb-border-radius-top-left:0px;--awb-border-radius-top-right:0px;--awb-border-radius-bottom-right:0px;--awb-border-radius-bottom-left:0px;--awb-flex-wrap:wrap;\" ><div class=\"fusion-builder-row fusion-row\"><\/div><\/div><\/p>\n","protected":false},"excerpt":{"rendered":"","protected":false},"author":3,"featured_media":0,"parent":0,"menu_order":0,"comment_status":"closed","ping_status":"closed","template":"100-width.php","meta":{"footnotes":""},"class_list":["post-2","page","type-page","status-publish","hentry"],"jetpack_sharing_enabled":true,"_links":{"self":[{"href":"https:\/\/domsafety.com\/contractors\/wp-json\/wp\/v2\/pages\/2","targetHints":{"allow":["GET"]}}],"collection":[{"href":"https:\/\/domsafety.com\/contractors\/wp-json\/wp\/v2\/pages"}],"about":[{"href":"https:\/\/domsafety.com\/contractors\/wp-json\/wp\/v2\/types\/page"}],"author":[{"embeddable":true,"href":"https:\/\/domsafety.com\/contractors\/wp-json\/wp\/v2\/users\/3"}],"replies":[{"embeddable":true,"href":"https:\/\/domsafety.com\/contractors\/wp-json\/wp\/v2\/comments?post=2"}],"version-history":[{"count":294,"href":"https:\/\/domsafety.com\/contractors\/wp-json\/wp\/v2\/pages\/2\/revisions"}],"predecessor-version":[{"id":3851,"href":"https:\/\/domsafety.com\/contractors\/wp-json\/wp\/v2\/pages\/2\/revisions\/3851"}],"wp:attachment":[{"href":"https:\/\/domsafety.com\/contractors\/wp-json\/wp\/v2\/media?parent=2"}],"curies":[{"name":"wp","href":"https:\/\/api.w.org\/{rel}","templated":true}]}}